{"id":1747,"date":"2020-05-03T09:07:19","date_gmt":"2020-05-03T07:07:19","guid":{"rendered":"http:\/\/annadoguez.com\/?page_id=1747"},"modified":"2023-02-11T16:32:35","modified_gmt":"2023-02-11T14:32:35","slug":"cookies","status":"publish","type":"page","link":"https:\/\/annadoguez.com\/ca\/cookies\/","title":{"rendered":"Cookies"},"content":{"rendered":"\t\t<div data-elementor-type=\"wp-page\" data-elementor-id=\"1747\" class=\"elementor elementor-1747\" data-elementor-post-type=\"page\">\n\t\t\t\t\t\t<section class=\"elementor-section elementor-top-section elementor-element elementor-element-e5ba140 elementor-section-boxed elementor-section-height-default elementor-section-height-default\" data-id=\"e5ba140\" data-element_type=\"section\" data-e-type=\"section\">\n\t\t\t\t\t\t<div class=\"elementor-container elementor-column-gap-default\">\n\t\t\t\t\t<div class=\"elementor-column elementor-col-25 elementor-top-column elementor-element elementor-element-488ed3f\" data-id=\"488ed3f\" data-element_type=\"column\" data-e-type=\"column\">\n\t\t\t<div class=\"elementor-widget-wrap\">\n\t\t\t\t\t\t\t<\/div>\n\t\t<\/div>\n\t\t\t\t<div class=\"elementor-column elementor-col-50 elementor-top-column elementor-element elementor-element-61d1b7a\" data-id=\"61d1b7a\" data-element_type=\"column\" data-e-type=\"column\">\n\t\t\t<div class=\"elementor-widget-wrap elementor-element-populated\">\n\t\t\t\t\t\t<div class=\"elementor-element elementor-element-8bc6258 elementor-widget elementor-widget-spacer\" data-id=\"8bc6258\" data-element_type=\"widget\" data-e-type=\"widget\" data-widget_type=\"spacer.default\">\n\t\t\t\t<div class=\"elementor-widget-container\">\n\t\t\t\t\t\t\t<div class=\"elementor-spacer\">\n\t\t\t<div class=\"elementor-spacer-inner\"><\/div>\n\t\t<\/div>\n\t\t\t\t\t\t<\/div>\n\t\t\t\t<\/div>\n\t\t\t\t<div class=\"elementor-element elementor-element-a26e246 elementor-widget elementor-widget-text-editor\" data-id=\"a26e246\" data-element_type=\"widget\" data-e-type=\"widget\" data-widget_type=\"text-editor.default\">\n\t\t\t\t<div class=\"elementor-widget-container\">\n\t\t\t\t\t\t\t\t\t<h2>Pol\u00edtica de cookies<\/h2>\n\nA www.annadoguez.com volem assegurar-nos que la teva visita al nostre lloc web sigui c\u00f2moda, fiable i el m\u00e9s \u00fatil possible. Per aix\u00f2, utilitzem cookies i tecnologies similars (a les quals fem refer\u00e8ncia conjunta amb el terme &#8216;cookies&#8217; en aquesta pol\u00edtica).\n\n<h4>Qu\u00e8 s\u00f3n les cookies?<\/h4>\n\nLes cookies s\u00f3n petits arxius de text que s&#8217;emmagatzemen al teu navegador. Serveixen, entre altres coses, per a con\u00e8ixer les teves prefer\u00e8ncies i facilitar les teves futures visites en permetre adaptar o personalitzar la Web als teus gustos i prefer\u00e8ncies.\n\nEn general aquests arxius s&#8217;associen a l&#8217;identificador d&#8217;un equip (IP), per\u00f2 no a un usuari espec\u00edfic, sense que puguin deduir-se dades personals del mateix. Les cookies, per si mateixes, no contenen informaci\u00f3 confidencial que t&#8217;identifiqui personalment.\n\nEn cada visita al nostre lloc web, t&#8217;expliquem l&#8217;\u00fas que fem de les cookies mitjan\u00e7ant el banner informatiu que es mostra a la part inferior de la p\u00e0gina. En seguir utilitzant el lloc consents l&#8217;\u00fas de cookies.\n\n\n<h4>Com desactivar les cookies?<\/h4>\n\nSi prefereixes bloquejar les cookies al teu navegador, pots fer-ho modificant els ajustos. No obstant aix\u00f2, aquest fet pot impedir el correcte funcionament d&#8217;algunes parts de la nostra p\u00e0gina web, ja que compleixen un paper essencial per a la prestaci\u00f3 dels nostres serveis.\n\nPots desactivar, eliminar o activar les cookies en els par\u00e0metres del navegador instal\u00b7lat al teu ordinador o dispositiu. Aquesta desactivaci\u00f3 de cookies no impedeix l&#8217;acc\u00e9s de l&#8217;Usuari als continguts de la p\u00e0gina web.\n\n<h4>Cookies utilitzades<\/h4>\n\nA la nostra p\u00e0gina web demanem el teu consentiment perqu\u00e8 com a usuari puguis con\u00e8ixer en tot moment l&#8217;exist\u00e8ncia d&#8217;aquestes cookies i com pots deshabilitar-les.\n\nLa nostra p\u00e0gina utilitza cookies pr\u00f2pies. Recopilem dades de navegaci\u00f3 de manera no an\u00f2nima amb la finalitat d&#8217;analitzar la informaci\u00f3 recopilada de la teva navegaci\u00f3, i aix\u00ed, poder millorar la teva experi\u00e8ncia de navegaci\u00f3. Utilitzem les cookies d&#8217;Emmagatzematge local Sessionstorage.\n\nLa nostra p\u00e0gina utilitza cookies de Google Analytics i Google Adwords. \u00c9s un servei d&#8217;an\u00e0lisi web proporcionat per Google Inc. (&#8216;Google&#8217; d&#8217;ara endavant). Google Analytics i google Adwords utilitza cookies, petits arxius de dades que s&#8217;emmagatzemen al teu ordinador, i que ajuden a la web a analitzar com els usuaris utilitzen aquesta web. Permet que el lloc web recordi informaci\u00f3 sobre la teva visita, com el teu idioma preferit o el pa\u00eds d&#8217;enviament, la qual cosa pot facilitar la teva propera visita i fer que la web et resulti m\u00e9s \u00fatil.\n\nLa informaci\u00f3 generada per les cookies sobre el teu \u00fas de la web (incloent l&#8217;adre\u00e7a IP) ser\u00e0 transmesa i emmagatzemada per Google en els seus servidors. Google utilitzar\u00e0 aquesta informaci\u00f3 amb la finalitat d&#8217;avaluar l&#8217;\u00fas de la web, fer reports de l&#8217;activitat de la web i proveir altres serveis relacionats amb l&#8217;activitat web a internet. Google no associar\u00e0 la teva adre\u00e7a IP amb cap altra informaci\u00f3 que pugui tenir.\n\n\n<h4>Garanties complement\u00e0ries<\/h4>\n\nCom a garantia complement\u00e0ria a les anteriorment descrites, el registre de les cookies podr\u00e0 estar subjecte a la seva acceptaci\u00f3 durant la instal\u00b7laci\u00f3 o posada al dia del navegador emprat. Aquesta acceptaci\u00f3 pot en todo moment ser revocada mitjan\u00e7ant les opcions de configuraci\u00f3 de continguts i privacitat disponibles.\n\nMolts navegadors permeten activar un mode privat mitjan\u00e7ant el qual les cookies s\u2019esborren sempre despr\u00e9s de la seva visita. Depenent de cada navegador, aquest mode privat pot tenir diferents noms. A continuaci\u00f3 trobar\u00e0 una llista dels navegadors m\u00e9s comuns i els diferents noms que rep aquest \u201cmode privat\u201d:\n\t\t\t\t\t\t\t\t<\/div>\n\t\t\t\t<\/div>\n\t\t\t\t\t<\/div>\n\t\t<\/div>\n\t\t\t\t<div class=\"elementor-column elementor-col-25 elementor-top-column elementor-element elementor-element-17732f5\" data-id=\"17732f5\" data-element_type=\"column\" data-e-type=\"column\">\n\t\t\t<div class=\"elementor-widget-wrap\">\n\t\t\t\t\t\t\t<\/div>\n\t\t<\/div>\n\t\t\t\t\t<\/div>\n\t\t<\/section>\n\t\t\t\t<\/div>\n\t\t","protected":false},"excerpt":{"rendered":"<p>Pol\u00edtica de cookies A www.annadoguez.com volem assegurar-nos que la teva visita al nostre lloc web sigui c\u00f2moda, fiable i el m\u00e9s \u00fatil possible. Per aix\u00f2, utilitzem cookies i tecnologies similars (a les quals fem refer\u00e8ncia conjunta amb el terme &#8216;cookies&#8217; en aquesta pol\u00edtica). Qu\u00e8 s\u00f3n les cookies? Les cookies s\u00f3n petits arxius de text que [&hellip;]<\/p>\n","protected":false},"author":1,"featured_media":0,"parent":0,"menu_order":0,"comment_status":"closed","ping_status":"closed","template":"","meta":{"_seopress_robots_primary_cat":"","_seopress_titles_title":"","_seopress_titles_desc":"","_seopress_robots_index":"yes","_monsterinsights_skip_tracking":false,"_monsterinsights_sitenote_active":false,"_monsterinsights_sitenote_note":"","_monsterinsights_sitenote_category":0,"site-sidebar-layout":"no-sidebar","site-content-layout":"page-builder","ast-site-content-layout":"","site-content-style":"default","site-sidebar-style":"default","ast-global-header-display":"","ast-banner-title-visibility":"","ast-main-header-display":"","ast-hfb-above-header-display":"","ast-hfb-below-header-display":"","ast-hfb-mobile-header-display":"","site-post-title":"disabled","ast-breadcrumbs-content":"","ast-featured-img":"disabled","footer-sml-layout":"","theme-transparent-header-meta":"default","adv-header-id-meta":"","stick-header-meta":"","header-above-stick-meta":"","header-main-stick-meta":"","header-below-stick-meta":"","astra-migrate-meta-layouts":"default","ast-page-background-enabled":"default","ast-page-background-meta":{"desktop":{"background-color":"","background-image":"","background-repeat":"repeat","background-position":"center center","background-size":"auto","background-attachment":"scroll","background-type":"","background-media":"","overlay-type":"","overlay-color":"","overlay-opacity":"","overlay-gradient":""},"tablet":{"background-color":"","background-image":"","background-repeat":"repeat","background-position":"center center","background-size":"auto","background-attachment":"scroll","background-type":"","background-media":"","overlay-type":"","overlay-color":"","overlay-opacity":"","overlay-gradient":""},"mobile":{"background-color":"","background-image":"","background-repeat":"repeat","background-position":"center center","background-size":"auto","background-attachment":"scroll","background-type":"","background-media":"","overlay-type":"","overlay-color":"","overlay-opacity":"","overlay-gradient":""}},"ast-content-background-meta":{"desktop":{"background-color":"var(--ast-global-color-5)","background-image":"","background-repeat":"repeat","background-position":"center center","background-size":"auto","background-attachment":"scroll","background-type":"","background-media":"","overlay-type":"","overlay-color":"","overlay-opacity":"","overlay-gradient":""},"tablet":{"background-color":"var(--ast-global-color-5)","background-image":"","background-repeat":"repeat","background-position":"center center","background-size":"auto","background-attachment":"scroll","background-type":"","background-media":"","overlay-type":"","overlay-color":"","overlay-opacity":"","overlay-gradient":""},"mobile":{"background-color":"var(--ast-global-color-5)","background-image":"","background-repeat":"repeat","background-position":"center center","background-size":"auto","background-attachment":"scroll","background-type":"","background-media":"","overlay-type":"","overlay-color":"","overlay-opacity":"","overlay-gradient":""}},"_joinchat":[],"footnotes":""},"class_list":["post-1747","page","type-page","status-publish","hentry"],"_links":{"self":[{"href":"https:\/\/annadoguez.com\/ca\/wp-json\/wp\/v2\/pages\/1747","targetHints":{"allow":["GET"]}}],"collection":[{"href":"https:\/\/annadoguez.com\/ca\/wp-json\/wp\/v2\/pages"}],"about":[{"href":"https:\/\/annadoguez.com\/ca\/wp-json\/wp\/v2\/types\/page"}],"author":[{"embeddable":true,"href":"https:\/\/annadoguez.com\/ca\/wp-json\/wp\/v2\/users\/1"}],"replies":[{"embeddable":true,"href":"https:\/\/annadoguez.com\/ca\/wp-json\/wp\/v2\/comments?post=1747"}],"version-history":[{"count":0,"href":"https:\/\/annadoguez.com\/ca\/wp-json\/wp\/v2\/pages\/1747\/revisions"}],"wp:attachment":[{"href":"https:\/\/annadoguez.com\/ca\/wp-json\/wp\/v2\/media?parent=1747"}],"curies":[{"name":"wp","href":"https:\/\/api.w.org\/{rel}","templated":true}]}}