{"id":1781,"date":"2020-05-03T11:49:25","date_gmt":"2020-05-03T09:49:25","guid":{"rendered":"http:\/\/annadoguez.com\/?page_id=1781"},"modified":"2023-02-12T17:49:40","modified_gmt":"2023-02-12T15:49:40","slug":"perruqueria-andorra-professional","status":"publish","type":"page","link":"https:\/\/annadoguez.com\/ca\/serveis\/perruqueria-andorra-professional\/","title":{"rendered":"Perruqueria"},"content":{"rendered":"\t\t<div data-elementor-type=\"wp-page\" data-elementor-id=\"1781\" class=\"elementor elementor-1781\" data-elementor-post-type=\"page\">\n\t\t\t\t\t\t<section class=\"elementor-section elementor-top-section elementor-element elementor-element-26f1256 elementor-section-boxed elementor-section-height-default elementor-section-height-default\" data-id=\"26f1256\" data-element_type=\"section\" data-e-type=\"section\" data-settings=\"{&quot;background_background&quot;:&quot;classic&quot;}\">\n\t\t\t\t\t\t\t<div class=\"elementor-background-overlay\"><\/div>\n\t\t\t\t\t\t\t<div class=\"elementor-container elementor-column-gap-default\">\n\t\t\t\t\t<div class=\"elementor-column elementor-col-100 elementor-top-column elementor-element elementor-element-18dd877\" data-id=\"18dd877\" data-element_type=\"column\" data-e-type=\"column\">\n\t\t\t<div class=\"elementor-widget-wrap elementor-element-populated\">\n\t\t\t\t\t\t<div class=\"elementor-element elementor-element-6af02c9 elementor-widget elementor-widget-spacer\" data-id=\"6af02c9\" data-element_type=\"widget\" data-e-type=\"widget\" data-widget_type=\"spacer.default\">\n\t\t\t\t<div class=\"elementor-widget-container\">\n\t\t\t\t\t\t\t<div class=\"elementor-spacer\">\n\t\t\t<div class=\"elementor-spacer-inner\"><\/div>\n\t\t<\/div>\n\t\t\t\t\t\t<\/div>\n\t\t\t\t<\/div>\n\t\t\t\t<div class=\"elementor-element elementor-element-fd86131 elementor-widget elementor-widget-heading\" data-id=\"fd86131\" data-element_type=\"widget\" data-e-type=\"widget\" data-widget_type=\"heading.default\">\n\t\t\t\t<div class=\"elementor-widget-container\">\n\t\t\t\t\t<h1 class=\"elementor-heading-title elementor-size-default\">SERVEIS DE PERRUQUERIA<\/h1>\t\t\t\t<\/div>\n\t\t\t\t<\/div>\n\t\t\t\t<div class=\"elementor-element elementor-element-5d8d3b9 elementor-widget elementor-widget-spacer\" data-id=\"5d8d3b9\" data-element_type=\"widget\" data-e-type=\"widget\" data-widget_type=\"spacer.default\">\n\t\t\t\t<div class=\"elementor-widget-container\">\n\t\t\t\t\t\t\t<div class=\"elementor-spacer\">\n\t\t\t<div class=\"elementor-spacer-inner\"><\/div>\n\t\t<\/div>\n\t\t\t\t\t\t<\/div>\n\t\t\t\t<\/div>\n\t\t\t\t\t<\/div>\n\t\t<\/div>\n\t\t\t\t\t<\/div>\n\t\t<\/section>\n\t\t\t\t<section class=\"elementor-section elementor-top-section elementor-element elementor-element-6727797 elementor-section-boxed elementor-section-height-default elementor-section-height-default\" data-id=\"6727797\" data-element_type=\"section\" data-e-type=\"section\">\n\t\t\t\t\t\t<div class=\"elementor-container elementor-column-gap-default\">\n\t\t\t\t\t<div class=\"elementor-column elementor-col-100 elementor-top-column elementor-element elementor-element-3cd3064\" data-id=\"3cd3064\" data-element_type=\"column\" data-e-type=\"column\">\n\t\t\t<div class=\"elementor-widget-wrap elementor-element-populated\">\n\t\t\t\t\t\t<div class=\"elementor-element elementor-element-1fdbb3e elementor-widget elementor-widget-spacer\" data-id=\"1fdbb3e\" data-element_type=\"widget\" data-e-type=\"widget\" data-widget_type=\"spacer.default\">\n\t\t\t\t<div class=\"elementor-widget-container\">\n\t\t\t\t\t\t\t<div class=\"elementor-spacer\">\n\t\t\t<div class=\"elementor-spacer-inner\"><\/div>\n\t\t<\/div>\n\t\t\t\t\t\t<\/div>\n\t\t\t\t<\/div>\n\t\t\t\t<div class=\"elementor-element elementor-element-95fae2a elementor-widget elementor-widget-text-editor\" data-id=\"95fae2a\" data-element_type=\"widget\" data-e-type=\"widget\" data-widget_type=\"text-editor.default\">\n\t\t\t\t<div class=\"elementor-widget-container\">\n\t\t\t\t\t\t\t\t\t<p>La perruqueria d&#8217;Anna Doguez, en ple centre d&#8217;Andorra la Vella us proposa un llistat de serveis de perruqueria.<\/p>\n<h2>COLOR<br><\/h2>\n<p> Tant per la necessitat de cobrir les canes, com per fer un canvi de look, tota la coloraci\u00f3 que utilitzem preserva i cuida de la millor manera el cabell. A base d&#8217;ingredients naturals i olis essencials, no utilitzem amon\u00edac i disposem de diferents tipus de tecnologia de color per a diferents necessitats.<\/p>\n<p>Especialitzats en la realitzaci\u00f3 de reflexos a plata, a m\u00e0 al\u00e7ada, balayage i estil californi\u00e0. Escull l&#8217;estil que m\u00e9s s&#8217;adapti a tu. Nosaltres t&#8217;ajudem!<\/p>\n<p>Per a qualsevol dubte fica&#8217;t en contacte amb nosaltres!<\/p>\n<h2>TALL <\/h2>\n<p>un dels serveis que fa de la nostra professi\u00f3 un art. Trobar l&#8217;estil i la forma que s&#8217;adapta a cada persona, estudiant les faccions i sobretot mantenint una comunicaci\u00f3 fluida amb els nostres clients, \u00e9s quan es troba un resultat excel\u00b7lent.<\/p>\n<p>Per a qualsevol dubte fica&#8217;t en contacte amb nosaltres!<\/p>\n<h2>SECAT<\/h2>\n<p> centenars d&#8217;acabats per cada estil i cada persona. Treballem amb el cl\u00e0ssic assecador, amb planxes d&#8217;alta qualitat, amb assecador de casc, amb tenassa, tot el que puguis imaginar per un acabat de qualitat.<\/p>\n<p>Per a qualsevol dubte fica&#8217;t en contacte amb nosaltres!<\/p>\n<h2>TRACTAMENTS: <\/h2>\n<p>Disposem dels millors tractaments per a lluir un cabell 100% saludable. Som especialistes amb tractaments del cuir cabellut, treballem amb tecnologia avan\u00e7ada per identificar problem\u00e0tiques capil\u00b7lars i tractar-les de la millor manera.<\/p>\n<p>Per a qualsevol dubte fica&#8217;t en contacte amb nosaltres!<\/p>\n<h2>QUERATINA <\/h2>\n<p>Tractament especialment pensat per aquelles persones que tenen un cabell complicat i volen facilitar el pentinat. Els nostres productes no contenen ingredients nocius ni t\u00f2xics. Una queratina que respecta el cabell i la salut dels nostres clients i dels nostres professionals.<\/p>\n<p>Per a qualsevol dubte fica&#8217;t en contacte amb nosaltres!<\/p>\n<h2>PERMANENTS <\/h2>\n<p>Un dels serveis t\u00e8cnics m\u00e9s cl\u00e0ssics de la hist\u00f2ria realitzat amb els millors productes del mercat. Podem aconseguir un risso ben marcat, una ondulaci\u00f3 o donar cos i volum.<\/p>\n<p>Per a qualsevol dubte fica&#8217;t en contacte amb nosaltres!<\/p>\n<h2>ANAL\u00cdTIQUES CAPILARS<\/h2>\n<p> disposem d&#8217;un centre inform\u00e0tic que permet, a trav\u00e9s de la imatge, fer un diagn\u00f2stic prec\u00eds de la problem\u00e0tica capil\u00b7lar. Juntament amb el Centre de Tecnologia Capil\u00b7lar de Barcelona, el qual ens proporciona suport, som capa\u00e7os de tractar problem\u00e0tiques a nivell de caiguda, descamacions o diferents alteracions de la pell del cuir cabellut.<\/p>\n<h2>INDIBA HAIRWAVES ANDORRA<br><\/h2>\n<h2>TARGETA REGAL <\/h2>\n<p>Vols fer un regal especial i \u00fatil? Et proposem qualsevol servei d&#8217;est\u00e8tica o perruqueria, el pots personalitzar com vulguis! Farem una targeta de felicitaci\u00f3 ben original per aquella persona especial.<\/p>\n<p>Demana-la per mail o truca&#8217;ns i la tindrem preparada molt aviat!<\/p>\t\t\t\t\t\t\t\t<\/div>\n\t\t\t\t<\/div>\n\t\t\t\t\t<\/div>\n\t\t<\/div>\n\t\t\t\t\t<\/div>\n\t\t<\/section>\n\t\t\t\t<\/div>\n\t\t","protected":false},"excerpt":{"rendered":"<p>SERVEIS DE PERRUQUERIA La perruqueria d&#8217;Anna Doguez, en ple centre d&#8217;Andorra la Vella us proposa un llistat de serveis de perruqueria. COLOR Tant per la necessitat de cobrir les canes, com per fer un canvi de look, tota la coloraci\u00f3 que utilitzem preserva i cuida de la millor manera el cabell. A base d&#8217;ingredients naturals [&hellip;]<\/p>\n","protected":false},"author":1,"featured_media":0,"parent":1763,"menu_order":0,"comment_status":"closed","ping_status":"closed","template":"","meta":{"_seopress_robots_primary_cat":"","_seopress_titles_title":"","_seopress_titles_desc":"","_seopress_robots_index":"","_monsterinsights_skip_tracking":false,"_monsterinsights_sitenote_active":false,"_monsterinsights_sitenote_note":"","_monsterinsights_sitenote_category":0,"site-sidebar-layout":"no-sidebar","site-content-layout":"page-builder","ast-site-content-layout":"","site-content-style":"default","site-sidebar-style":"default","ast-global-header-display":"","ast-banner-title-visibility":"","ast-main-header-display":"","ast-hfb-above-header-display":"","ast-hfb-below-header-display":"","ast-hfb-mobile-header-display":"","site-post-title":"disabled","ast-breadcrumbs-content":"","ast-featured-img":"disabled","footer-sml-layout":"","theme-transparent-header-meta":"default","adv-header-id-meta":"","stick-header-meta":"","header-above-stick-meta":"","header-main-stick-meta":"","header-below-stick-meta":"","astra-migrate-meta-layouts":"default","ast-page-background-enabled":"default","ast-page-background-meta":{"desktop":{"background-color":"","background-image":"","background-repeat":"repeat","background-position":"center center","background-size":"auto","background-attachment":"scroll","background-type":"","background-media":"","overlay-type":"","overlay-color":"","overlay-opacity":"","overlay-gradient":""},"tablet":{"background-color":"","background-image":"","background-repeat":"repeat","background-position":"center center","background-size":"auto","background-attachment":"scroll","background-type":"","background-media":"","overlay-type":"","overlay-color":"","overlay-opacity":"","overlay-gradient":""},"mobile":{"background-color":"","background-image":"","background-repeat":"repeat","background-position":"center center","background-size":"auto","background-attachment":"scroll","background-type":"","background-media":"","overlay-type":"","overlay-color":"","overlay-opacity":"","overlay-gradient":""}},"ast-content-background-meta":{"desktop":{"background-color":"var(--ast-global-color-5)","background-image":"","background-repeat":"repeat","background-position":"center center","background-size":"auto","background-attachment":"scroll","background-type":"","background-media":"","overlay-type":"","overlay-color":"","overlay-opacity":"","overlay-gradient":""},"tablet":{"background-color":"var(--ast-global-color-5)","background-image":"","background-repeat":"repeat","background-position":"center center","background-size":"auto","background-attachment":"scroll","background-type":"","background-media":"","overlay-type":"","overlay-color":"","overlay-opacity":"","overlay-gradient":""},"mobile":{"background-color":"var(--ast-global-color-5)","background-image":"","background-repeat":"repeat","background-position":"center center","background-size":"auto","background-attachment":"scroll","background-type":"","background-media":"","overlay-type":"","overlay-color":"","overlay-opacity":"","overlay-gradient":""}},"_joinchat":[],"footnotes":""},"class_list":["post-1781","page","type-page","status-publish","hentry"],"_links":{"self":[{"href":"https:\/\/annadoguez.com\/ca\/wp-json\/wp\/v2\/pages\/1781","targetHints":{"allow":["GET"]}}],"collection":[{"href":"https:\/\/annadoguez.com\/ca\/wp-json\/wp\/v2\/pages"}],"about":[{"href":"https:\/\/annadoguez.com\/ca\/wp-json\/wp\/v2\/types\/page"}],"author":[{"embeddable":true,"href":"https:\/\/annadoguez.com\/ca\/wp-json\/wp\/v2\/users\/1"}],"replies":[{"embeddable":true,"href":"https:\/\/annadoguez.com\/ca\/wp-json\/wp\/v2\/comments?post=1781"}],"version-history":[{"count":0,"href":"https:\/\/annadoguez.com\/ca\/wp-json\/wp\/v2\/pages\/1781\/revisions"}],"up":[{"embeddable":true,"href":"https:\/\/annadoguez.com\/ca\/wp-json\/wp\/v2\/pages\/1763"}],"wp:attachment":[{"href":"https:\/\/annadoguez.com\/ca\/wp-json\/wp\/v2\/media?parent=1781"}],"curies":[{"name":"wp","href":"https:\/\/api.w.org\/{rel}","templated":true}]}}