{"id":1783,"date":"2020-05-03T12:28:16","date_gmt":"2020-05-03T10:28:16","guid":{"rendered":"http:\/\/annadoguez.com\/?page_id=1783"},"modified":"2023-02-16T20:24:46","modified_gmt":"2023-02-16T18:24:46","slug":"serveis-estetica-andorra","status":"publish","type":"page","link":"https:\/\/annadoguez.com\/ca\/serveis\/serveis-estetica-andorra\/","title":{"rendered":"Serveis est\u00e8tica"},"content":{"rendered":"\t\t<div data-elementor-type=\"wp-page\" data-elementor-id=\"1783\" class=\"elementor elementor-1783\" data-elementor-post-type=\"page\">\n\t\t\t\t\t\t<section class=\"elementor-section elementor-top-section elementor-element elementor-element-39842f1 elementor-section-boxed elementor-section-height-default elementor-section-height-default\" data-id=\"39842f1\" data-element_type=\"section\" data-e-type=\"section\" data-settings=\"{&quot;background_background&quot;:&quot;classic&quot;}\">\n\t\t\t\t\t\t\t<div class=\"elementor-background-overlay\"><\/div>\n\t\t\t\t\t\t\t<div class=\"elementor-container elementor-column-gap-default\">\n\t\t\t\t\t<div class=\"elementor-column elementor-col-100 elementor-top-column elementor-element elementor-element-3971ce5\" data-id=\"3971ce5\" data-element_type=\"column\" data-e-type=\"column\">\n\t\t\t<div class=\"elementor-widget-wrap elementor-element-populated\">\n\t\t\t\t\t\t<div class=\"elementor-element elementor-element-67c3d59 elementor-widget elementor-widget-spacer\" data-id=\"67c3d59\" data-element_type=\"widget\" data-e-type=\"widget\" data-widget_type=\"spacer.default\">\n\t\t\t\t<div class=\"elementor-widget-container\">\n\t\t\t\t\t\t\t<div class=\"elementor-spacer\">\n\t\t\t<div class=\"elementor-spacer-inner\"><\/div>\n\t\t<\/div>\n\t\t\t\t\t\t<\/div>\n\t\t\t\t<\/div>\n\t\t\t\t<div class=\"elementor-element elementor-element-d5b68c0 elementor-widget elementor-widget-heading\" data-id=\"d5b68c0\" data-element_type=\"widget\" data-e-type=\"widget\" data-widget_type=\"heading.default\">\n\t\t\t\t<div class=\"elementor-widget-container\">\n\t\t\t\t\t<h1 class=\"elementor-heading-title elementor-size-default\">SERVEIS EST\u00c8TICA D'ANDORRA LA VELLA<\/h1>\t\t\t\t<\/div>\n\t\t\t\t<\/div>\n\t\t\t\t<div class=\"elementor-element elementor-element-54d3da5 elementor-widget elementor-widget-spacer\" data-id=\"54d3da5\" data-element_type=\"widget\" data-e-type=\"widget\" data-widget_type=\"spacer.default\">\n\t\t\t\t<div class=\"elementor-widget-container\">\n\t\t\t\t\t\t\t<div class=\"elementor-spacer\">\n\t\t\t<div class=\"elementor-spacer-inner\"><\/div>\n\t\t<\/div>\n\t\t\t\t\t\t<\/div>\n\t\t\t\t<\/div>\n\t\t\t\t\t<\/div>\n\t\t<\/div>\n\t\t\t\t\t<\/div>\n\t\t<\/section>\n\t\t\t\t<section class=\"elementor-section elementor-top-section elementor-element elementor-element-7c85856 elementor-section-boxed elementor-section-height-default elementor-section-height-default\" data-id=\"7c85856\" data-element_type=\"section\" data-e-type=\"section\">\n\t\t\t\t\t\t<div class=\"elementor-container elementor-column-gap-default\">\n\t\t\t\t\t<div class=\"elementor-column elementor-col-100 elementor-top-column elementor-element elementor-element-a9b8726\" data-id=\"a9b8726\" data-element_type=\"column\" data-e-type=\"column\">\n\t\t\t<div class=\"elementor-widget-wrap elementor-element-populated\">\n\t\t\t\t\t\t<div class=\"elementor-element elementor-element-fa0ce3f elementor-widget elementor-widget-spacer\" data-id=\"fa0ce3f\" data-element_type=\"widget\" data-e-type=\"widget\" data-widget_type=\"spacer.default\">\n\t\t\t\t<div class=\"elementor-widget-container\">\n\t\t\t\t\t\t\t<div class=\"elementor-spacer\">\n\t\t\t<div class=\"elementor-spacer-inner\"><\/div>\n\t\t<\/div>\n\t\t\t\t\t\t<\/div>\n\t\t\t\t<\/div>\n\t\t\t\t<div class=\"elementor-element elementor-element-e79802c elementor-widget elementor-widget-text-editor\" data-id=\"e79802c\" data-element_type=\"widget\" data-e-type=\"widget\" data-widget_type=\"text-editor.default\">\n\t\t\t\t<div class=\"elementor-widget-container\">\n\t\t\t\t\t\t\t\t\t<p><strong>PEDICURA: <\/strong>La millor manera de cuidar els teus peus \u00e9s fer una pedicura, els hi donar\u00e0s un respir i lluiran espectaculars. Disposem d\u2019acabats en esmaltat vinylux o shellac, depenent de la durada que vulguis aconseguir. <strong>\u00a0<\/strong><\/p><p>Per a qualsevol dubte fica\u2019t en contacte amb nosaltres!<\/p><p><strong>MANICURA: <\/strong>la manicura \u00e9s un servei cl\u00e0ssic per\u00f2 efectiu, tenir unes mans ben arreglades no \u00e9s f\u00e0cil per\u00f2 nosaltres sabem com fer-ho. Disposem d\u2019acabats en esmaltat vinylux o shellac.<\/p><p>Per a qualsevol dubte fica\u2019t en contacte amb nosaltres!<\/p><p><strong>DEPILACIONS CERA FREDA \/ CALENTA : <\/strong>depilacions tant a homes com a dones a qualsevol localitzaci\u00f3 corporal, amb dos tipus de cera perqu\u00e8 \u00a0puguis escollir la que s\u2019adapta millor a les teves necessitats.<\/p><p>Per a qualsevol dubte fica\u2019t en contacte amb nosaltres!<\/p><p><strong>PERMANENT I TINT DE PESNTANYES: <\/strong>aconseguir una mirada penetrant \u00e9s possible si et fas una permanent que arrissi les pestanyes i les enfosqueixes per aconseguir profunditat en la mirada.<\/p><p>Per a qualsevol dubte fica\u2019t en contacte amb nosaltres!<\/p><p><strong>MAQUILLATGE: <\/strong>realitzem tots els nostres maquillatges amb productes minerals que respecten la pell i la protegeixen. Maquillatges per a tot tipus d\u2019esdeveniments, incl\u00f2s el maquillatge de n\u00favia.<\/p><p>Per a qualsevol dubte fica\u2019t en contacte amb nosaltres!<\/p><p><strong>TRACTAMENTS COPORALS I FACIALS:<\/strong><\/p><p><strong>FOOT<\/strong><\/p><p>Relaxar-te, gaudir d\u2019un bon moment i cuidar la part del cos que ens aguanta cada dia.<\/p><p>\u00a0<\/p><p>Ter\u00e0pia espec\u00edfica que tracta la hidrataci\u00f3 dels peus i la prevenci\u00f3 de la sequedat del<\/p><p>tal\u00f3, utilitzant un producte exfoliant i uns fangs naturals.<\/p><p>Els components naturals que s\u2019utilitzen s\u00f3n, arbre del t\u00e9 i l\u2019\u00e0cid salic\u00edlic. Elements<\/p><p>que ajuden a la protecci\u00f3 de la pell i de l\u2019ungla.<\/p><p>Es recomana aquest tractament per a tot tipus de pell i en qualsevol \u00e8poca de l\u2019any.<\/p><p>\u00a0<\/p><p><strong>COFFEE SCRUB<\/strong><\/p><p>Res m\u00e9s reconfortant que una tassa de caf\u00e8 de bon mat\u00ed? Amb aquest<\/p><p>tractament el teu cos et donar\u00e0 les gr\u00e0cies.<\/p><p>\u00a0<\/p><p>Tractament corporal que consisteix en una exfoliaci\u00f3 a base de caf\u00e8. Segons les necessitats de cada individu, es personalitza el tractament amb diferents olis naturals:<\/p><p>&#8211; Tractament drenant<\/p><p>&#8211; Tractament hidratant<\/p><p>&#8211; Tractament reductor<\/p><p>La base d\u2019aquest tractament \u00e9s estimular la renovaci\u00f3 cel\u00b7lular, aportant un efecte<\/p><p>antiinflamatori que calma les irritacions de la pell.<\/p><p>Es recomana aquest tractament per a tot tipus de pell i en qualsevol \u00e8poca de l\u2019any.<\/p><p>\u00a0<\/p><p><strong>ARIA<\/strong><\/p><p>Sents la pell del teu cos seca, tibant i apagada? Est\u00e0s cansada d&#8217;utilitzar<\/p><p>cremes corporals sense notar cap efecte?<\/p><p>Aquest tractament \u00e9s per tu!<\/p><p>Est\u00e0s embarassada i no pots fer-te res?<\/p><p>Aquest tractament tamb\u00e9 \u00e9s per tu!<\/p><p>\u00a0<\/p><p>Tractament corporal energitzant i mineralitzant a base d&#8217;oli d&#8217;argan, argila blanca,<\/p><p>jojoba i acai, mantega de copuaz\u00fa i de karit\u00e9.<\/p><p>Estimula la renovaci\u00f3 cel\u00b7lular, alliberant la pell de toxines gr\u00e0cies a l&#8217;aportaci\u00f3 de<\/p><p>magnesi, coure i zinc.<\/p><p>Es recomana aquest tractament per a tota classe de pell i en qualsevol \u00e8poca de l&#8217;any,<\/p><p>en ser una ter\u00e0pia desintoxicant.<\/p><p><strong>MORE<\/strong><\/p><p>Comences a notar que la teva pell ja no \u00e9s la mateixa des de fa un parell d\u2019anys?<\/p><p>Comences a tenir la pell quartejada i pell de taronja?<\/p><p>Aquest \u00e9s el teu tractament!<\/p><p>\u00a0<\/p><p>Tractament corporal per als primers s\u00edmptomes de cel\u00b7lulitis. Creat a base de castanyer<\/p><p>d\u2019\u00edndies, extracte de centella asi\u00e0tica, extracte d\u2019alga fucus, extracte d\u2019hedra, cafe\u00efna<\/p><p>i un conjunt d\u2019extractes vegetals.<\/p><p>\u00a0<\/p><p>Els objectius d\u2019aquest magn\u00edfic tractament:<\/p><p>&#8211; Acci\u00f3 drenant: afavorir la circulaci\u00f3 venosa i limf\u00e0tica, alleujant la sensaci\u00f3 de pesadesa<\/p><p>de la part inferior.<\/p><p>&#8211; Acci\u00f3 lipol\u00edtica: estimular el metabolisme adip\u00f3s, remodelant el teixit.<\/p><p>&#8211; Acci\u00f3 protectora: enfortint les parets capil\u00b7lars.<\/p><p>&#8211; Acci\u00f3 nutrient: aportant elasticitat i nodrint el teixit.<\/p><p>Es recomana realitzar entre 10 i 12 sessions per a un resultat efectiu.<\/p><p>\u00a0<\/p><p><strong>AQA<\/strong><\/p><p>El ritme de vida actual ens porta a tenir mals h\u00e0bits; fumar, dormir poc, menjar malament, poc esport&#8230; et sona?<\/p><p>\u00a0<\/p><p>Tractament corporal drenant i anticel\u00b7lul\u00edtic que pot estar relacionat amb mals<\/p><p>h\u00e0bits alimentaris i una vida sedent\u00e0ria.<\/p><p>\u00a0<\/p><p>Els objectius d\u2019aquest tractament s\u00f3n:<\/p><p>&#8211; Acci\u00f3 drenant: afavorir la circulaci\u00f3 venosa i limf\u00e0tica, alleujant la sensaci\u00f3 de pesadesa<\/p><p>de la part inferior.<\/p><p>&#8211; Acci\u00f3 lipol\u00edtica: estimular el metabolisme adip\u00f3s, remodelant el teixit.<\/p><p>&#8211; Acci\u00f3 protectora: enfortint les parets capil\u00b7lars.<\/p><p>&#8211; Acci\u00f3 nutrient: aportant elasticitat i nodrint el teixit<\/p><p>Creat a base de cafe\u00efna i mentol aporta una sensaci\u00f3 de benestar i confort corporal.<\/p><p>Es recomana realitzar entre 10 i 12 sessions i fer un seguiment a casa per a un resultat<\/p><p>efectiu.<\/p><p>\u00a0<\/p><p><strong>ETNA<\/strong><\/p><p>Tens cel\u00b7lulitis des de fa temps i ja no saps qu\u00e8 fer?<\/p><p>No t\u2019ho pensis m\u00e9s! Aquest \u00e9s el teu tractament!<\/p><p>\u00a0<\/p><p>Tractament corporal per a solucionar la cel\u00b7lulitis adiposa, localitzada i profunda. \u00c9s<\/p><p>un tractament reductor i modelant intensiu.<\/p><p>Es recomana realitzar entre 10 i 12 sessions i fer un seguiment a casa per a un resultat<\/p><p>efectiu.<\/p><p><strong>PURE SYSTEM<\/strong><\/p><p>Tens la pell greixosa? Punts negres, grans i imperfeccions s\u00f3n els teus enemics<\/p><p>diaris ? Combat\u00e9 ix-los amb aquest tractament!<\/p><p>\u00a0<\/p><p>Tractament facial purificant per pells mixtes amb tend\u00e8ncia grassa. Recomanat per una<\/p><p>pell amb imperfeccions cut\u00e0nies, caracteritzada per zones seques i zones greixoses.<\/p><p>En aquest tractament es realitza una neteja cut\u00e0nia exhaustiva i posteriorment es procedeix,<\/p><p>a trav\u00e9s dels productes espec\u00edfics de Philip Martin\u2019s a calmar la pell i controlar l\u2019exc\u00e9s<\/p><p>de greix per mantenir una adequada hidrataci\u00f3.<\/p><p>\u00a0<\/p><p>Els seus principis actius s\u00f3n; mantega de karit\u00e9, baies de goji, extracte de camamil\u00b7la, extracte<\/p><p>de cua de cavall, extracte de boldo i bolet de l\u00e0rix.<\/p><p>\u00a0<\/p><p><strong>HYDRA SYSTEM<\/strong><\/p><p>La sequedat \u00e9s la teva enemiga? Et fa sentir incomoda i necessites una bona<\/p><p>neteja i nutrici\u00f3? Aix\u00f2 es per tu!<\/p><p>\u00a0<\/p><p>Tractament facial especial per pells seques i delicades. Esta creat per oferir hidrataci\u00f3 profunda,<\/p><p>protegir-la i refor\u00e7ar-la. D\u2019aquesta manera es veur\u00e0 m\u00e9s sana i lluminosa.<\/p><p>En aquest tractament es realitza una neteja cut\u00e0nia exhaustiva i posteriorment \u00e9s procedeix,<\/p><p>a trav\u00e9s dels productes espec\u00edfics de Philip Martin\u2019s, a fer una hidrataci\u00f3 profunda per<\/p><p>aportar elasticitat, lluminositat i combatre els signes de l\u2019embelliment prematur.<\/p><p>Els seus principis actius s\u00f3n baies de goji, mantega de karit\u00e9, concentrat H2O, extracte de<\/p><p>bardana, extracte de viola, sucre, prote\u00efna de l\u2019ametller i bolet de l\u00e0rix.<\/p><p>\u00a0<\/p><p><strong>C SYSTEM<\/strong><\/p><p>Tens la pell apagada i amb falta de lluminositat? Cansada de mirar-te al<\/p><p>mirall i no veure\u2019t b?<\/p><p>\u00a0<\/p><p>Tractament facial per pells estressades, amb taques i apagades. La l\u00ednia de vitamina C \u00e9s<\/p><p>revitalitzant, antioxidant, protectora i prev\u00e9 l\u2019envelliment de la pell.<\/p><p>Els seus principis actius s\u00f3n; l\u2019oli de jojoba, baies de goji, extracte de vinya vermella Bio,<\/p><p>extracte d\u2019oliva Bio, extracte de creixents.<\/p><p>\u00a0<\/p><p><strong>REMEDY COMPONENTS<\/strong><\/p><p>La teva pell revela la teva edat? No deixis que parli per tu!<\/p><p>\u00a0<\/p><p>Tractament de prevenci\u00f3 de l\u2019envelliment de la pell. Remedy Components \u00e9s un tractament<\/p><p>adequat per a la pell deshidratada i rugosa amb elasticitat redu\u00efda i per l&#8217;aparici\u00f3 de les<\/p><p>primeres arrugues.<\/p><p>Els seus principis actius s\u00f3n; concentrat de baies de goji, extracte de nabius, extracte de<\/p><p>malva, mantega de karit\u00e9, glicerina vegetal, sucre, concentrat de tres amino\u00e0cids, prote\u00efna<\/p><p>de seda, concentrat d\u2019algues.<\/p><p>\u00a0<\/p><p><strong>CAVIAR ELEMENTS<\/strong><\/p><p>Vols cuidar-te amb el tractament m\u00e9s complet i no saps quin \u00e9s?<\/p><p>L\u2019has trobat!<\/p><p>\u00a0<\/p><p>Tractament de reestructuraci\u00f3, antienvelliment i relaxaci\u00f3 de la pell. La funci\u00f3 del caviar \u00e9s<\/p><p>augmentar la capacitat d\u2019estimular el renovament cel\u00b7lular. La seva composici\u00f3 \u00e9s rica en<\/p><p>nutrici\u00f3, \u00e0cids grassos, omega 3, omega 6. Obtenint un efecte botox natural.<\/p><p>Els seus principis actius s\u00f3n; la mantega de karit\u00e9, baies de goji, extracte de milfulles, concentrat<\/p><p>de caviar, concentrat de 8 amino\u00e0cids, extracte de c\u00e0ssia.<\/p>\t\t\t\t\t\t\t\t<\/div>\n\t\t\t\t<\/div>\n\t\t\t\t\t<\/div>\n\t\t<\/div>\n\t\t\t\t\t<\/div>\n\t\t<\/section>\n\t\t\t\t<\/div>\n\t\t","protected":false},"excerpt":{"rendered":"<p>SERVEIS EST\u00c8TICA D&#8217;ANDORRA LA VELLA PEDICURA: La millor manera de cuidar els teus peus \u00e9s fer una pedicura, els hi donar\u00e0s un respir i lluiran espectaculars. Disposem d\u2019acabats en esmaltat vinylux o shellac, depenent de la durada que vulguis aconseguir. &nbsp; Per a qualsevol dubte fica\u2019t en contacte amb nosaltres! MANICURA: la manicura \u00e9s un [&hellip;]<\/p>\n","protected":false},"author":1,"featured_media":0,"parent":1763,"menu_order":0,"comment_status":"closed","ping_status":"closed","template":"","meta":{"_seopress_robots_primary_cat":"","_seopress_titles_title":"","_seopress_titles_desc":"","_seopress_robots_index":"","_monsterinsights_skip_tracking":false,"_monsterinsights_sitenote_active":false,"_monsterinsights_sitenote_note":"","_monsterinsights_sitenote_category":0,"site-sidebar-layout":"no-sidebar","site-content-layout":"page-builder","ast-site-content-layout":"","site-content-style":"default","site-sidebar-style":"default","ast-global-header-display":"","ast-banner-title-visibility":"","ast-main-header-display":"","ast-hfb-above-header-display":"","ast-hfb-below-header-display":"","ast-hfb-mobile-header-display":"","site-post-title":"disabled","ast-breadcrumbs-content":"","ast-featured-img":"disabled","footer-sml-layout":"","theme-transparent-header-meta":"default","adv-header-id-meta":"","stick-header-meta":"","header-above-stick-meta":"","header-main-stick-meta":"","header-below-stick-meta":"","astra-migrate-meta-layouts":"default","ast-page-background-enabled":"default","ast-page-background-meta":{"desktop":{"background-color":"","background-image":"","background-repeat":"repeat","background-position":"center center","background-size":"auto","background-attachment":"scroll","background-type":"","background-media":"","overlay-type":"","overlay-color":"","overlay-opacity":"","overlay-gradient":""},"tablet":{"background-color":"","background-image":"","background-repeat":"repeat","background-position":"center center","background-size":"auto","background-attachment":"scroll","background-type":"","background-media":"","overlay-type":"","overlay-color":"","overlay-opacity":"","overlay-gradient":""},"mobile":{"background-color":"","background-image":"","background-repeat":"repeat","background-position":"center center","background-size":"auto","background-attachment":"scroll","background-type":"","background-media":"","overlay-type":"","overlay-color":"","overlay-opacity":"","overlay-gradient":""}},"ast-content-background-meta":{"desktop":{"background-color":"var(--ast-global-color-5)","background-image":"","background-repeat":"repeat","background-position":"center center","background-size":"auto","background-attachment":"scroll","background-type":"","background-media":"","overlay-type":"","overlay-color":"","overlay-opacity":"","overlay-gradient":""},"tablet":{"background-color":"var(--ast-global-color-5)","background-image":"","background-repeat":"repeat","background-position":"center center","background-size":"auto","background-attachment":"scroll","background-type":"","background-media":"","overlay-type":"","overlay-color":"","overlay-opacity":"","overlay-gradient":""},"mobile":{"background-color":"var(--ast-global-color-5)","background-image":"","background-repeat":"repeat","background-position":"center center","background-size":"auto","background-attachment":"scroll","background-type":"","background-media":"","overlay-type":"","overlay-color":"","overlay-opacity":"","overlay-gradient":""}},"_joinchat":[],"footnotes":""},"class_list":["post-1783","page","type-page","status-publish","hentry"],"_links":{"self":[{"href":"https:\/\/annadoguez.com\/ca\/wp-json\/wp\/v2\/pages\/1783","targetHints":{"allow":["GET"]}}],"collection":[{"href":"https:\/\/annadoguez.com\/ca\/wp-json\/wp\/v2\/pages"}],"about":[{"href":"https:\/\/annadoguez.com\/ca\/wp-json\/wp\/v2\/types\/page"}],"author":[{"embeddable":true,"href":"https:\/\/annadoguez.com\/ca\/wp-json\/wp\/v2\/users\/1"}],"replies":[{"embeddable":true,"href":"https:\/\/annadoguez.com\/ca\/wp-json\/wp\/v2\/comments?post=1783"}],"version-history":[{"count":0,"href":"https:\/\/annadoguez.com\/ca\/wp-json\/wp\/v2\/pages\/1783\/revisions"}],"up":[{"embeddable":true,"href":"https:\/\/annadoguez.com\/ca\/wp-json\/wp\/v2\/pages\/1763"}],"wp:attachment":[{"href":"https:\/\/annadoguez.com\/ca\/wp-json\/wp\/v2\/media?parent=1783"}],"curies":[{"name":"wp","href":"https:\/\/api.w.org\/{rel}","templated":true}]}}