{"id":2023,"date":"2020-05-10T17:22:12","date_gmt":"2020-05-10T15:22:12","guid":{"rendered":"http:\/\/annadoguez.com\/producte\/xampu-silverglass\/"},"modified":"2020-05-15T17:57:02","modified_gmt":"2020-05-15T15:57:02","slug":"xampu-silverglass","status":"publish","type":"product","link":"https:\/\/annadoguez.com\/ca\/botiga\/perruqueria\/xampu\/xampu-silverglass\/","title":{"rendered":"Xamp\u00fa SILVERGLASS"},"content":{"rendered":"<p>Xamp\u00fa pel manteniment del color ros, blanc o amb canes.<\/p>\n","protected":false},"excerpt":{"rendered":"<p>&nbsp;<\/p>\n<p>Xamp\u00fa violeta, enriquit amb pigments neutralitzant per eliminar de forma instant\u00e0nia, el reflex groguencs. Protegeix el cabell de l&#8217;oxidaci\u00f3 di\u00e0ria, restaurant la brillantor del cabell i la suavitat. Mant\u00e9 el ros fred durant m\u00e9s temps.<br \/>\nGr\u00e0cies a l&#8217;\u00e0cid hialur\u00f2nic, potencia la lluminositat i nodreix intensament la fibra capil\u00b7lar.<\/p>\n","protected":false},"featured_media":2528,"comment_status":"open","ping_status":"closed","template":"","meta":{"_seopress_robots_primary_cat":"","_seopress_titles_title":"","_seopress_titles_desc":"","_seopress_robots_index":"","_monsterinsights_skip_tracking":false,"_monsterinsights_sitenote_active":false,"_monsterinsights_sitenote_note":"","_monsterinsights_sitenote_category":0,"site-sidebar-layout":"default","site-content-layout":"default","ast-site-content-layout":"","site-content-style":"default","site-sidebar-style":"default","ast-global-header-display":"","ast-banner-title-visibility":"","ast-main-header-display":"","ast-hfb-above-header-display":"","ast-hfb-below-header-display":"","ast-hfb-mobile-header-display":"","site-post-title":"","ast-breadcrumbs-content":"","ast-featured-img":"","footer-sml-layout":"","theme-transparent-header-meta":"default","adv-header-id-meta":"","stick-header-meta":"","header-above-stick-meta":"","header-main-stick-meta":"","header-below-stick-meta":"","astra-migrate-meta-layouts":"default","ast-page-background-enabled":"default","ast-page-background-meta":{"desktop":{"background-color":"","background-image":"","background-repeat":"repeat","background-position":"center center","background-size":"auto","background-attachment":"scroll","background-type":"","background-media":"","overlay-type":"","overlay-color":"","overlay-opacity":"","overlay-gradient":""},"tablet":{"background-color":"","background-image":"","background-repeat":"repeat","background-position":"center center","background-size":"auto","background-attachment":"scroll","background-type":"","background-media":"","overlay-type":"","overlay-color":"","overlay-opacity":"","overlay-gradient":""},"mobile":{"background-color":"","background-image":"","background-repeat":"repeat","background-position":"center center","background-size":"auto","background-attachment":"scroll","background-type":"","background-media":"","overlay-type":"","overlay-color":"","overlay-opacity":"","overlay-gradient":""}},"ast-content-background-meta":{"desktop":{"background-color":"var(--ast-global-color-5)","background-image":"","background-repeat":"repeat","background-position":"center center","background-size":"auto","background-attachment":"scroll","background-type":"","background-media":"","overlay-type":"","overlay-color":"","overlay-opacity":"","overlay-gradient":""},"tablet":{"background-color":"var(--ast-global-color-5)","background-image":"","background-repeat":"repeat","background-position":"center center","background-size":"auto","background-attachment":"scroll","background-type":"","background-media":"","overlay-type":"","overlay-color":"","overlay-opacity":"","overlay-gradient":""},"mobile":{"background-color":"var(--ast-global-color-5)","background-image":"","background-repeat":"repeat","background-position":"center center","background-size":"auto","background-attachment":"scroll","background-type":"","background-media":"","overlay-type":"","overlay-color":"","overlay-opacity":"","overlay-gradient":""}},"_joinchat":[]},"product_brand":[],"product_cat":[44,40],"product_tag":[],"class_list":{"0":"post-2023","1":"product","2":"type-product","3":"status-publish","4":"has-post-thumbnail","6":"product_cat-perruqueria","7":"product_cat-xampu","8":"desktop-align-left","9":"tablet-align-left","10":"mobile-align-left","12":"first","13":"instock","14":"taxable","15":"shipping-taxable","16":"purchasable","17":"product-type-simple"},"_links":{"self":[{"href":"https:\/\/annadoguez.com\/ca\/wp-json\/wp\/v2\/product\/2023","targetHints":{"allow":["GET"]}}],"collection":[{"href":"https:\/\/annadoguez.com\/ca\/wp-json\/wp\/v2\/product"}],"about":[{"href":"https:\/\/annadoguez.com\/ca\/wp-json\/wp\/v2\/types\/product"}],"replies":[{"embeddable":true,"href":"https:\/\/annadoguez.com\/ca\/wp-json\/wp\/v2\/comments?post=2023"}],"version-history":[{"count":0,"href":"https:\/\/annadoguez.com\/ca\/wp-json\/wp\/v2\/product\/2023\/revisions"}],"wp:featuredmedia":[{"embeddable":true,"href":"https:\/\/annadoguez.com\/ca\/wp-json\/wp\/v2\/media\/2528"}],"wp:attachment":[{"href":"https:\/\/annadoguez.com\/ca\/wp-json\/wp\/v2\/media?parent=2023"}],"wp:term":[{"taxonomy":"product_brand","embeddable":true,"href":"https:\/\/annadoguez.com\/ca\/wp-json\/wp\/v2\/product_brand?post=2023"},{"taxonomy":"product_cat","embeddable":true,"href":"https:\/\/annadoguez.com\/ca\/wp-json\/wp\/v2\/product_cat?post=2023"},{"taxonomy":"product_tag","embeddable":true,"href":"https:\/\/annadoguez.com\/ca\/wp-json\/wp\/v2\/product_tag?post=2023"}],"curies":[{"name":"wp","href":"https:\/\/api.w.org\/{rel}","templated":true}]}}