{"id":2700,"date":"2020-05-12T20:00:38","date_gmt":"2020-05-12T18:00:38","guid":{"rendered":"http:\/\/annadoguez.com\/?post_type=product&#038;p=2700"},"modified":"2020-06-04T09:30:31","modified_gmt":"2020-06-04T07:30:31","slug":"hydrogel-masks","status":"publish","type":"product","link":"https:\/\/annadoguez.com\/ca\/botiga\/estetica\/hydrogel-masks\/","title":{"rendered":"HYDROGEL MASKS"},"content":{"rendered":"<p>M\u00e0scara de bio-matriu soluble en aigua. Pell radiant en 20 minutos.<\/p>\n","protected":false},"excerpt":{"rendered":"<p>Una nova soluci\u00f3 per a la cura de la pell cl\u00ednicament provada. Aquesta m\u00e0scara d\u2019hidrogel ha estat desenvolupada per a la pell deshidratada i cansada. Formulada amb una tecnologia cut\u00e0nia \u00fanica que s\u2019adapta perfectament als contorns facials. Al contacte amb la pell, la m\u00e0scara proporciona un efecte de refredament immediat. Una vegada que aconsegueix la temperatura corporal, la m\u00e0scara allibera els ingredients actius hidratants i regeneradors. Millorant la textura i la lluminositat de la pell.<\/p>\n","protected":false},"featured_media":2701,"comment_status":"open","ping_status":"closed","template":"","meta":{"_seopress_robots_primary_cat":"","_seopress_titles_title":"","_seopress_titles_desc":"","_seopress_robots_index":"","_monsterinsights_skip_tracking":false,"_monsterinsights_sitenote_active":false,"_monsterinsights_sitenote_note":"","_monsterinsights_sitenote_category":0,"site-sidebar-layout":"default","site-content-layout":"default","ast-site-content-layout":"","site-content-style":"default","site-sidebar-style":"default","ast-global-header-display":"","ast-banner-title-visibility":"","ast-main-header-display":"","ast-hfb-above-header-display":"","ast-hfb-below-header-display":"","ast-hfb-mobile-header-display":"","site-post-title":"","ast-breadcrumbs-content":"","ast-featured-img":"","footer-sml-layout":"","theme-transparent-header-meta":"default","adv-header-id-meta":"","stick-header-meta":"","header-above-stick-meta":"","header-main-stick-meta":"","header-below-stick-meta":"","astra-migrate-meta-layouts":"default","ast-page-background-enabled":"default","ast-page-background-meta":{"desktop":{"background-color":"","background-image":"","background-repeat":"repeat","background-position":"center center","background-size":"auto","background-attachment":"scroll","background-type":"","background-media":"","overlay-type":"","overlay-color":"","overlay-opacity":"","overlay-gradient":""},"tablet":{"background-color":"","background-image":"","background-repeat":"repeat","background-position":"center center","background-size":"auto","background-attachment":"scroll","background-type":"","background-media":"","overlay-type":"","overlay-color":"","overlay-opacity":"","overlay-gradient":""},"mobile":{"background-color":"","background-image":"","background-repeat":"repeat","background-position":"center center","background-size":"auto","background-attachment":"scroll","background-type":"","background-media":"","overlay-type":"","overlay-color":"","overlay-opacity":"","overlay-gradient":""}},"ast-content-background-meta":{"desktop":{"background-color":"var(--ast-global-color-5)","background-image":"","background-repeat":"repeat","background-position":"center center","background-size":"auto","background-attachment":"scroll","background-type":"","background-media":"","overlay-type":"","overlay-color":"","overlay-opacity":"","overlay-gradient":""},"tablet":{"background-color":"var(--ast-global-color-5)","background-image":"","background-repeat":"repeat","background-position":"center center","background-size":"auto","background-attachment":"scroll","background-type":"","background-media":"","overlay-type":"","overlay-color":"","overlay-opacity":"","overlay-gradient":""},"mobile":{"background-color":"var(--ast-global-color-5)","background-image":"","background-repeat":"repeat","background-position":"center center","background-size":"auto","background-attachment":"scroll","background-type":"","background-media":"","overlay-type":"","overlay-color":"","overlay-opacity":"","overlay-gradient":""}},"_joinchat":[]},"product_brand":[],"product_cat":[104],"product_tag":[],"class_list":{"0":"post-2700","1":"product","2":"type-product","3":"status-publish","4":"has-post-thumbnail","6":"product_cat-estetica","7":"desktop-align-left","8":"tablet-align-left","9":"mobile-align-left","11":"first","12":"instock","13":"taxable","14":"shipping-taxable","15":"purchasable","16":"product-type-simple"},"_links":{"self":[{"href":"https:\/\/annadoguez.com\/ca\/wp-json\/wp\/v2\/product\/2700","targetHints":{"allow":["GET"]}}],"collection":[{"href":"https:\/\/annadoguez.com\/ca\/wp-json\/wp\/v2\/product"}],"about":[{"href":"https:\/\/annadoguez.com\/ca\/wp-json\/wp\/v2\/types\/product"}],"replies":[{"embeddable":true,"href":"https:\/\/annadoguez.com\/ca\/wp-json\/wp\/v2\/comments?post=2700"}],"version-history":[{"count":0,"href":"https:\/\/annadoguez.com\/ca\/wp-json\/wp\/v2\/product\/2700\/revisions"}],"wp:featuredmedia":[{"embeddable":true,"href":"https:\/\/annadoguez.com\/ca\/wp-json\/wp\/v2\/media\/2701"}],"wp:attachment":[{"href":"https:\/\/annadoguez.com\/ca\/wp-json\/wp\/v2\/media?parent=2700"}],"wp:term":[{"taxonomy":"product_brand","embeddable":true,"href":"https:\/\/annadoguez.com\/ca\/wp-json\/wp\/v2\/product_brand?post=2700"},{"taxonomy":"product_cat","embeddable":true,"href":"https:\/\/annadoguez.com\/ca\/wp-json\/wp\/v2\/product_cat?post=2700"},{"taxonomy":"product_tag","embeddable":true,"href":"https:\/\/annadoguez.com\/ca\/wp-json\/wp\/v2\/product_tag?post=2700"}],"curies":[{"name":"wp","href":"https:\/\/api.w.org\/{rel}","templated":true}]}}