{"id":4345,"date":"2023-02-20T16:13:45","date_gmt":"2023-02-20T14:13:45","guid":{"rendered":"http:\/\/annadoguez.com\/botiga\/Sense%20categoria\/hair-body-cleanser-cuerpo-y-cabellos\/"},"modified":"2023-03-05T16:31:13","modified_gmt":"2023-03-05T14:31:13","slug":"hair-body-cleanser-cuerpo-y-cabellos","status":"publish","type":"product","link":"https:\/\/annadoguez.com\/ca\/botiga\/perruqueria\/home\/hair-body-cleanser-cuerpo-y-cabellos\/","title":{"rendered":"Hair &#038; Body Cleaner &#8211; cos i cabells"},"content":{"rendered":"<p>Cont\u00e9 extracte biol\u00f2gic de regal\u00e8ssia, extracte biol\u00f2gic d&#8217;arr\u00f2s Venus i extracte biol\u00f2gic de Roibos per a un efecte protector i una neteja delicada, respectant l&#8217;epidermis.<\/p>\n<p>Aplicar sobre el cuir cabellut mullat, masajear delicadament i esbandir.<\/p>\n<p>Aqua\/*Water\/*Eau, Magnesium Lauryl Sulfate, Sodium Coco-Sulfate, Cocamidopropyl Betaine, Parfum\/*Fragrance, Hydroxypropyl Starch Phosphate, Sodium Chloride, Phoenix Dactylifera (Dona&#8217;t) Fruit Extract, \u00c0loe Barbadensis Leaf Extract, Melaleuca Alternifolia (Tea Tree) Leaf Oil, Hydrolyzed Arrissi Bran Protein, Sodium PCA, Glycerin, Hydrolyzed Corn Starch, Citric Acid, Sodium Benzoate, Potassium Sorbate, Benzyl Alcohol, Dehydroacetic Acid, Sorbic Acid.<\/p>\n<p>Formulat amb tensioactius no etoxilados, altament compatibles amb la pell. Cont\u00e9 glicerina d&#8217;origen vegetal i viscosizantes no perjudicials, per a reduir eventuals irritacions provocades per una acci\u00f3 netejadora. Perfum hipoal\u00b7lergogen<\/p>\n","protected":false},"excerpt":{"rendered":"<p>Aquesta f\u00f3rmula dermocompatible neteja suaument, mentre mant\u00e9 l&#8217;equilibri hidrolip\u00eddico i les defenses naturals de la pell. Compleix un efecte antioxidant, lenitiu, hidratant.<br \/>\nF\u00f3rmula delicada i altament dermocompatible, apta per a pells sensibles.<\/p>\n","protected":false},"featured_media":4347,"comment_status":"open","ping_status":"closed","template":"","meta":{"_seopress_robots_primary_cat":"none","_seopress_titles_title":"","_seopress_titles_desc":"","_seopress_robots_index":"","_monsterinsights_skip_tracking":false,"_monsterinsights_sitenote_active":false,"_monsterinsights_sitenote_note":"","_monsterinsights_sitenote_category":0,"site-sidebar-layout":"default","site-content-layout":"default","ast-site-content-layout":"","site-content-style":"default","site-sidebar-style":"default","ast-global-header-display":"","ast-banner-title-visibility":"","ast-main-header-display":"","ast-hfb-above-header-display":"","ast-hfb-below-header-display":"","ast-hfb-mobile-header-display":"","site-post-title":"","ast-breadcrumbs-content":"","ast-featured-img":"","footer-sml-layout":"","theme-transparent-header-meta":"default","adv-header-id-meta":"","stick-header-meta":"","header-above-stick-meta":"","header-main-stick-meta":"","header-below-stick-meta":"","astra-migrate-meta-layouts":"default","ast-page-background-enabled":"default","ast-page-background-meta":{"desktop":{"background-color":"","background-image":"","background-repeat":"repeat","background-position":"center center","background-size":"auto","background-attachment":"scroll","background-type":"","background-media":"","overlay-type":"","overlay-color":"","overlay-opacity":"","overlay-gradient":""},"tablet":{"background-color":"","background-image":"","background-repeat":"repeat","background-position":"center center","background-size":"auto","background-attachment":"scroll","background-type":"","background-media":"","overlay-type":"","overlay-color":"","overlay-opacity":"","overlay-gradient":""},"mobile":{"background-color":"","background-image":"","background-repeat":"repeat","background-position":"center center","background-size":"auto","background-attachment":"scroll","background-type":"","background-media":"","overlay-type":"","overlay-color":"","overlay-opacity":"","overlay-gradient":""}},"ast-content-background-meta":{"desktop":{"background-color":"var(--ast-global-color-5)","background-image":"","background-repeat":"repeat","background-position":"center center","background-size":"auto","background-attachment":"scroll","background-type":"","background-media":"","overlay-type":"","overlay-color":"","overlay-opacity":"","overlay-gradient":""},"tablet":{"background-color":"var(--ast-global-color-5)","background-image":"","background-repeat":"repeat","background-position":"center center","background-size":"auto","background-attachment":"scroll","background-type":"","background-media":"","overlay-type":"","overlay-color":"","overlay-opacity":"","overlay-gradient":""},"mobile":{"background-color":"var(--ast-global-color-5)","background-image":"","background-repeat":"repeat","background-position":"center center","background-size":"auto","background-attachment":"scroll","background-type":"","background-media":"","overlay-type":"","overlay-color":"","overlay-opacity":"","overlay-gradient":""}},"_joinchat":[]},"product_brand":[],"product_cat":[214,44],"product_tag":[],"class_list":{"0":"post-4345","1":"product","2":"type-product","3":"status-publish","4":"has-post-thumbnail","6":"product_cat-home","7":"product_cat-perruqueria","8":"desktop-align-left","9":"tablet-align-left","10":"mobile-align-left","12":"first","13":"instock","14":"taxable","15":"shipping-taxable","16":"product-type-simple"},"_links":{"self":[{"href":"https:\/\/annadoguez.com\/ca\/wp-json\/wp\/v2\/product\/4345","targetHints":{"allow":["GET"]}}],"collection":[{"href":"https:\/\/annadoguez.com\/ca\/wp-json\/wp\/v2\/product"}],"about":[{"href":"https:\/\/annadoguez.com\/ca\/wp-json\/wp\/v2\/types\/product"}],"replies":[{"embeddable":true,"href":"https:\/\/annadoguez.com\/ca\/wp-json\/wp\/v2\/comments?post=4345"}],"version-history":[{"count":0,"href":"https:\/\/annadoguez.com\/ca\/wp-json\/wp\/v2\/product\/4345\/revisions"}],"wp:featuredmedia":[{"embeddable":true,"href":"https:\/\/annadoguez.com\/ca\/wp-json\/wp\/v2\/media\/4347"}],"wp:attachment":[{"href":"https:\/\/annadoguez.com\/ca\/wp-json\/wp\/v2\/media?parent=4345"}],"wp:term":[{"taxonomy":"product_brand","embeddable":true,"href":"https:\/\/annadoguez.com\/ca\/wp-json\/wp\/v2\/product_brand?post=4345"},{"taxonomy":"product_cat","embeddable":true,"href":"https:\/\/annadoguez.com\/ca\/wp-json\/wp\/v2\/product_cat?post=4345"},{"taxonomy":"product_tag","embeddable":true,"href":"https:\/\/annadoguez.com\/ca\/wp-json\/wp\/v2\/product_tag?post=4345"}],"curies":[{"name":"wp","href":"https:\/\/api.w.org\/{rel}","templated":true}]}}